{"id":90,"date":"2020-04-30T11:40:34","date_gmt":"2020-04-30T08:40:34","guid":{"rendered":"https:\/\/mayosis.teconcetheme.com\/musicum\/?page_id=90"},"modified":"2023-06-25T00:53:45","modified_gmt":"2023-06-24T21:53:45","slug":"sikca-sorulan-sorular","status":"publish","type":"page","link":"https:\/\/voaybeat.com\/en\/sikca-sorulan-sorular\/","title":{"rendered":"F.A.Q"},"content":{"rendered":"<div data-elementor-type=\"wp-page\" data-elementor-id=\"90\" class=\"elementor elementor-90\" data-elementor-post-type=\"page\">\n\t\t\t\t\t\t<section class=\"no_anim elementor-section elementor-top-section elementor-element elementor-element-4bcc113 elementor-section-boxed elementor-section-height-default elementor-section-height-default\" data-id=\"4bcc113\" data-element_type=\"section\">\n\t\t\t\t\t\t<div class=\"elementor-container elementor-column-gap-default\">\n\t\t\t\t\t<div class=\"no_anim elementor-column elementor-col-50 elementor-top-column elementor-element elementor-element-57d4290\" data-id=\"57d4290\" data-element_type=\"column\">\n\t\t\t<div class=\"elementor-widget-wrap elementor-element-populated\">\n\t\t\t\t\t\t<div class=\"elementor-element elementor-element-bef8dac elementor-widget elementor-widget-heading\" data-id=\"bef8dac\" data-element_type=\"widget\" data-widget_type=\"heading.default\">\n\t\t\t\t<div class=\"elementor-widget-container\">\n\t\t\t\t\t<h2 class=\"elementor-heading-title elementor-size-default\">F.A.Q<\/h2>\t\t\t\t<\/div>\n\t\t\t\t<\/div>\n\t\t\t\t<div class=\"elementor-element elementor-element-8471312 elementor-widget elementor-widget-toggle\" data-id=\"8471312\" data-element_type=\"widget\" data-widget_type=\"toggle.default\">\n\t\t\t\t<div class=\"elementor-widget-container\">\n\t\t\t\t\t\t\t<div class=\"elementor-toggle\">\n\t\t\t\t\t\t\t<div class=\"elementor-toggle-item\">\n\t\t\t\t\t<div id=\"elementor-tab-title-1381\" class=\"elementor-tab-title\" data-tab=\"1\" role=\"button\" aria-controls=\"elementor-tab-content-1381\" aria-expanded=\"false\">\n\t\t\t\t\t\t\t\t\t\t\t\t<span class=\"elementor-toggle-icon elementor-toggle-icon-left\" aria-hidden=\"true\">\n\t\t\t\t\t\t\t\t\t\t\t\t\t\t\t<span class=\"elementor-toggle-icon-closed\"><i class=\"fas fa-caret-right\"><\/i><\/span>\n\t\t\t\t\t\t\t\t<span class=\"elementor-toggle-icon-opened\"><i class=\"elementor-toggle-icon-opened fas fa-caret-up\"><\/i><\/span>\n\t\t\t\t\t\t\t\t\t\t\t\t\t<\/span>\n\t\t\t\t\t\t\t\t\t\t\t\t<a class=\"elementor-toggle-title\" tabindex=\"0\">Beat nedir?<\/a>\n\t\t\t\t\t<\/div>\n\n\t\t\t\t\t<div id=\"elementor-tab-content-1381\" class=\"elementor-tab-content elementor-clearfix\" data-tab=\"1\" role=\"region\" aria-labelledby=\"elementor-tab-title-1381\"><p>Beat, m\u00fczi\u011fin ritim ve temposunu olu\u015fturan enstr\u00fcmantal bir par\u00e7ad\u0131r. \u015eark\u0131c\u0131lar, rap\u00e7iler, \u015fark\u0131 yazarlar\u0131 ve prod\u00fckt\u00f6rler, beatleri vokalleriyle birle\u015ftirerek \u015fark\u0131lar\u0131n\u0131 tamamlarlar. Beatler, m\u00fczi\u011fe enerji ve duygu katarak \u015fark\u0131lar\u0131n yap\u0131sal temelini olu\u015ftururlar.<\/p><\/div>\n\t\t\t\t<\/div>\n\t\t\t\t\t\t\t<div class=\"elementor-toggle-item\">\n\t\t\t\t\t<div id=\"elementor-tab-title-1382\" class=\"elementor-tab-title\" data-tab=\"2\" role=\"button\" aria-controls=\"elementor-tab-content-1382\" aria-expanded=\"false\">\n\t\t\t\t\t\t\t\t\t\t\t\t<span class=\"elementor-toggle-icon elementor-toggle-icon-left\" aria-hidden=\"true\">\n\t\t\t\t\t\t\t\t\t\t\t\t\t\t\t<span class=\"elementor-toggle-icon-closed\"><i class=\"fas fa-caret-right\"><\/i><\/span>\n\t\t\t\t\t\t\t\t<span class=\"elementor-toggle-icon-opened\"><i class=\"elementor-toggle-icon-opened fas fa-caret-up\"><\/i><\/span>\n\t\t\t\t\t\t\t\t\t\t\t\t\t<\/span>\n\t\t\t\t\t\t\t\t\t\t\t\t<a class=\"elementor-toggle-title\" tabindex=\"0\">Beat sat\u0131n almak i\u00e7in nas\u0131l bir s\u00fcre\u00e7 izlemeliyim? <\/a>\n\t\t\t\t\t<\/div>\n\n\t\t\t\t\t<div id=\"elementor-tab-content-1382\" class=\"elementor-tab-content elementor-clearfix\" data-tab=\"2\" role=\"region\" aria-labelledby=\"elementor-tab-title-1382\"><p>Beat sat\u0131n almak olduk\u00e7a kolayd\u0131r. Sitemizdeki beat katalo\u011funu gezinerek be\u011fendi\u011finiz bir <strong>beat&#8217;i se\u00e7in<\/strong>. Ard\u0131ndan, sat\u0131n al butonuna t\u0131klay\u0131p bizimle mail veya Whatsapp \u00fczerinden <strong>ileti\u015fime ge\u00e7in<\/strong>.<\/p><\/div>\n\t\t\t\t<\/div>\n\t\t\t\t\t\t\t<div class=\"elementor-toggle-item\">\n\t\t\t\t\t<div id=\"elementor-tab-title-1383\" class=\"elementor-tab-title\" data-tab=\"3\" role=\"button\" aria-controls=\"elementor-tab-content-1383\" aria-expanded=\"false\">\n\t\t\t\t\t\t\t\t\t\t\t\t<span class=\"elementor-toggle-icon elementor-toggle-icon-left\" aria-hidden=\"true\">\n\t\t\t\t\t\t\t\t\t\t\t\t\t\t\t<span class=\"elementor-toggle-icon-closed\"><i class=\"fas fa-caret-right\"><\/i><\/span>\n\t\t\t\t\t\t\t\t<span class=\"elementor-toggle-icon-opened\"><i class=\"elementor-toggle-icon-opened fas fa-caret-up\"><\/i><\/span>\n\t\t\t\t\t\t\t\t\t\t\t\t\t<\/span>\n\t\t\t\t\t\t\t\t\t\t\t\t<a class=\"elementor-toggle-title\" tabindex=\"0\">Beat sat\u0131n ald\u0131ktan sonra kullan\u0131m s\u00fcresi ne kadar? <\/a>\n\t\t\t\t\t<\/div>\n\n\t\t\t\t\t<div id=\"elementor-tab-content-1383\" class=\"elementor-tab-content elementor-clearfix\" data-tab=\"3\" role=\"region\" aria-labelledby=\"elementor-tab-title-1383\"><p>Sat\u0131n ald\u0131\u011f\u0131n\u0131z beat&#8217;in kullan\u0131m s\u00fcresi s\u0131n\u0131rs\u0131zd\u0131r. Yani, bir kez sat\u0131n ald\u0131\u011f\u0131n\u0131zda beat&#8217;i istedi\u011finiz kadar kullanabilirsiniz.<\/p><\/div>\n\t\t\t\t<\/div>\n\t\t\t\t\t\t\t<div class=\"elementor-toggle-item\">\n\t\t\t\t\t<div id=\"elementor-tab-title-1384\" class=\"elementor-tab-title\" data-tab=\"4\" role=\"button\" aria-controls=\"elementor-tab-content-1384\" aria-expanded=\"false\">\n\t\t\t\t\t\t\t\t\t\t\t\t<span class=\"elementor-toggle-icon elementor-toggle-icon-left\" aria-hidden=\"true\">\n\t\t\t\t\t\t\t\t\t\t\t\t\t\t\t<span class=\"elementor-toggle-icon-closed\"><i class=\"fas fa-caret-right\"><\/i><\/span>\n\t\t\t\t\t\t\t\t<span class=\"elementor-toggle-icon-opened\"><i class=\"elementor-toggle-icon-opened fas fa-caret-up\"><\/i><\/span>\n\t\t\t\t\t\t\t\t\t\t\t\t\t<\/span>\n\t\t\t\t\t\t\t\t\t\t\t\t<a class=\"elementor-toggle-title\" tabindex=\"0\">Sat\u0131n ald\u0131\u011f\u0131m beat'i nas\u0131l kullanabilirim? <\/a>\n\t\t\t\t\t<\/div>\n\n\t\t\t\t\t<div id=\"elementor-tab-content-1384\" class=\"elementor-tab-content elementor-clearfix\" data-tab=\"4\" role=\"region\" aria-labelledby=\"elementor-tab-title-1384\"><p>Sat\u0131n ald\u0131\u011f\u0131n\u0131z beat&#8217;in kullan\u0131m haklar\u0131 size aittir. Genellikle, beat&#8217;i kendi \u015fark\u0131n\u0131za vokal eklemek i\u00e7in kullanabilirsiniz. Beat&#8217;i kaydederek, mixtape, alb\u00fcm veya single \u00e7al\u0131\u015fman\u0131za entegre edebilirsiniz.<\/p><p>\u00a0<\/p><\/div>\n\t\t\t\t<\/div>\n\t\t\t\t\t\t\t<div class=\"elementor-toggle-item\">\n\t\t\t\t\t<div id=\"elementor-tab-title-1385\" class=\"elementor-tab-title\" data-tab=\"5\" role=\"button\" aria-controls=\"elementor-tab-content-1385\" aria-expanded=\"false\">\n\t\t\t\t\t\t\t\t\t\t\t\t<span class=\"elementor-toggle-icon elementor-toggle-icon-left\" aria-hidden=\"true\">\n\t\t\t\t\t\t\t\t\t\t\t\t\t\t\t<span class=\"elementor-toggle-icon-closed\"><i class=\"fas fa-caret-right\"><\/i><\/span>\n\t\t\t\t\t\t\t\t<span class=\"elementor-toggle-icon-opened\"><i class=\"elementor-toggle-icon-opened fas fa-caret-up\"><\/i><\/span>\n\t\t\t\t\t\t\t\t\t\t\t\t\t<\/span>\n\t\t\t\t\t\t\t\t\t\t\t\t<a class=\"elementor-toggle-title\" tabindex=\"0\">Beat'i sat\u0131n ald\u0131ktan sonra de\u011fi\u015fiklik yapabilir miyim?<\/a>\n\t\t\t\t\t<\/div>\n\n\t\t\t\t\t<div id=\"elementor-tab-content-1385\" class=\"elementor-tab-content elementor-clearfix\" data-tab=\"5\" role=\"region\" aria-labelledby=\"elementor-tab-title-1385\"><p>Genellikle sat\u0131n ald\u0131\u011f\u0131n\u0131z beat&#8217;i de\u011fi\u015ftirmeniz m\u00fcmk\u00fcn de\u011fildir. Ancak, baz\u0131 prod\u00fckt\u00f6rler beatlerin baz\u0131 b\u00f6l\u00fcmlerinde de\u011fi\u015fiklik yapmaya izni verebilir. Bu nedenle, beat&#8217;i sat\u0131n almadan \u00f6nce prod\u00fckt\u00f6r\u00fcn belirledi\u011fi kullan\u0131m ko\u015fullar\u0131n\u0131 kontrol etmelisiniz.<\/p><\/div>\n\t\t\t\t<\/div>\n\t\t\t\t\t\t\t<div class=\"elementor-toggle-item\">\n\t\t\t\t\t<div id=\"elementor-tab-title-1386\" class=\"elementor-tab-title\" data-tab=\"6\" role=\"button\" aria-controls=\"elementor-tab-content-1386\" aria-expanded=\"false\">\n\t\t\t\t\t\t\t\t\t\t\t\t<span class=\"elementor-toggle-icon elementor-toggle-icon-left\" aria-hidden=\"true\">\n\t\t\t\t\t\t\t\t\t\t\t\t\t\t\t<span class=\"elementor-toggle-icon-closed\"><i class=\"fas fa-caret-right\"><\/i><\/span>\n\t\t\t\t\t\t\t\t<span class=\"elementor-toggle-icon-opened\"><i class=\"elementor-toggle-icon-opened fas fa-caret-up\"><\/i><\/span>\n\t\t\t\t\t\t\t\t\t\t\t\t\t<\/span>\n\t\t\t\t\t\t\t\t\t\t\t\t<a class=\"elementor-toggle-title\" tabindex=\"0\">Beat sat\u0131n ald\u0131ktan sonra haklar\u0131m ne olacak? <\/a>\n\t\t\t\t\t<\/div>\n\n\t\t\t\t\t<div id=\"elementor-tab-content-1386\" class=\"elementor-tab-content elementor-clearfix\" data-tab=\"6\" role=\"region\" aria-labelledby=\"elementor-tab-title-1386\"><p>Beat&#8217;i sat\u0131n ald\u0131\u011f\u0131n\u0131zda, genellikle kullan\u0131m haklar\u0131 size ge\u00e7er. Bu da size beat&#8217;i ticari veya ki\u015fisel projelerinizde kullanma izni verir. Ancak, beat siz taraf\u0131ndan lisanslanmal\u0131d\u0131r.<\/p><p>\u00a0<\/p><\/div>\n\t\t\t\t<\/div>\n\t\t\t\t\t\t\t\t<\/div>\n\t\t\t\t\t\t<\/div>\n\t\t\t\t<\/div>\n\t\t\t\t\t<\/div>\n\t\t<\/div>\n\t\t\t\t<div class=\"no_anim elementor-column elementor-col-50 elementor-top-column elementor-element elementor-element-358272b\" data-id=\"358272b\" data-element_type=\"column\">\n\t\t\t<div class=\"elementor-widget-wrap elementor-element-populated\">\n\t\t\t\t\t\t<div class=\"elementor-element elementor-element-c18a4cf elementor-widget elementor-widget-image\" data-id=\"c18a4cf\" data-element_type=\"widget\" data-widget_type=\"image.default\">\n\t\t\t\t<div class=\"elementor-widget-container\">\n\t\t\t\t\t\t\t\t\t\t\t\t\t\t\t<img fetchpriority=\"high\" decoding=\"async\" width=\"580\" height=\"580\" src=\"https:\/\/voaybeat.com\/wp-content\/uploads\/2023\/06\/sikca-sorulan-sorular-1024x1024.jpg\" class=\"attachment-large size-large wp-image-849\" alt=\"\" srcset=\"https:\/\/voaybeat.com\/wp-content\/uploads\/2023\/06\/sikca-sorulan-sorular-1024x1024.jpg 1024w, https:\/\/voaybeat.com\/wp-content\/uploads\/2023\/06\/sikca-sorulan-sorular-300x300.jpg 300w, https:\/\/voaybeat.com\/wp-content\/uploads\/2023\/06\/sikca-sorulan-sorular-150x150.jpg 150w, https:\/\/voaybeat.com\/wp-content\/uploads\/2023\/06\/sikca-sorulan-sorular-768x768.jpg 768w, https:\/\/voaybeat.com\/wp-content\/uploads\/2023\/06\/sikca-sorulan-sorular-170x170.jpg 170w, https:\/\/voaybeat.com\/wp-content\/uploads\/2023\/06\/sikca-sorulan-sorular-90x90.jpg 90w, https:\/\/voaybeat.com\/wp-content\/uploads\/2023\/06\/sikca-sorulan-sorular-120x120.jpg 120w, https:\/\/voaybeat.com\/wp-content\/uploads\/2023\/06\/sikca-sorulan-sorular-500x500.jpg 500w, https:\/\/voaybeat.com\/wp-content\/uploads\/2023\/06\/sikca-sorulan-sorular.jpg 1080w\" sizes=\"(max-width: 580px) 100vw, 580px\" \/>\t\t\t\t\t\t\t\t\t\t\t\t\t\t\t<\/div>\n\t\t\t\t<\/div>\n\t\t\t\t\t<\/div>\n\t\t<\/div>\n\t\t\t\t\t<\/div>\n\t\t<\/section>\n\t\t\t\t<\/div>","protected":false},"excerpt":{"rendered":"<p>S\u0131k\u00e7a Sorulan Sorular Beat nedir? Beat, m\u00fczi\u011fin ritim ve temposunu olu\u015fturan enstr\u00fcmantal bir par\u00e7ad\u0131r. \u015eark\u0131c\u0131lar, rap\u00e7iler, \u015fark\u0131 yazarlar\u0131 ve prod\u00fckt\u00f6rler, beatleri vokalleriyle birle\u015ftirerek \u015fark\u0131lar\u0131n\u0131 tamamlarlar. Beatler, m\u00fczi\u011fe enerji ve duygu katarak \u015fark\u0131lar\u0131n yap\u0131sal temelini olu\u015ftururlar. Beat sat\u0131n almak i\u00e7in nas\u0131l bir s\u00fcre\u00e7 izlemeliyim? Beat sat\u0131n almak olduk\u00e7a kolayd\u0131r. Sitemizdeki beat katalo\u011funu gezinerek be\u011fendi\u011finiz bir beat&#8217;i [&hellip;]<\/p>","protected":false},"author":1,"featured_media":0,"parent":0,"menu_order":0,"comment_status":"closed","ping_status":"closed","template":"full-width-template.php","meta":{"_acf_changed":false,"_joinchat":[],"footnotes":""},"class_list":["post-90","page","type-page","status-publish","hentry"],"acf":[],"_links":{"self":[{"href":"https:\/\/voaybeat.com\/en\/wp-json\/wp\/v2\/pages\/90","targetHints":{"allow":["GET"]}}],"collection":[{"href":"https:\/\/voaybeat.com\/en\/wp-json\/wp\/v2\/pages"}],"about":[{"href":"https:\/\/voaybeat.com\/en\/wp-json\/wp\/v2\/types\/page"}],"author":[{"embeddable":true,"href":"https:\/\/voaybeat.com\/en\/wp-json\/wp\/v2\/users\/1"}],"replies":[{"embeddable":true,"href":"https:\/\/voaybeat.com\/en\/wp-json\/wp\/v2\/comments?post=90"}],"version-history":[{"count":4,"href":"https:\/\/voaybeat.com\/en\/wp-json\/wp\/v2\/pages\/90\/revisions"}],"predecessor-version":[{"id":853,"href":"https:\/\/voaybeat.com\/en\/wp-json\/wp\/v2\/pages\/90\/revisions\/853"}],"wp:attachment":[{"href":"https:\/\/voaybeat.com\/en\/wp-json\/wp\/v2\/media?parent=90"}],"curies":[{"name":"wp","href":"https:\/\/api.w.org\/{rel}","templated":true}]}}