{"id":1078,"date":"2023-07-01T21:35:06","date_gmt":"2023-07-01T18:35:06","guid":{"rendered":"https:\/\/palevioletred-baboon-289766.hostingersite.com\/forgot-password\/"},"modified":"2023-07-01T21:44:05","modified_gmt":"2023-07-01T18:44:05","slug":"sifremi-unuttum","status":"publish","type":"page","link":"https:\/\/voaybeat.com\/en\/sifremi-unuttum\/","title":{"rendered":"\u015eifremi Unuttum"},"content":{"rendered":"<div class=\"piereg_container\"><div class=\"piereg_entry-content pieregForgotPassword pieregWrapper\"><div id=\"piereg_forgotpassword\"><div id=\"piereg_login\"><div class=\"alert alert-warning\"><p class=\"piereg_warning fp_desc\">Please enter your username or email address. You will receive a link to create a new password via email.<\/p><\/div><ul id=\"pie_register\"><form method=\"post\" action=\"\/en\/wp-json\/wp\/v2\/pages\/1078\" id=\"piereg_lostpasswordform\" data-trp-original-action=\"\/en\/wp-json\/wp\/v2\/pages\/1078\"><li class=\"fields\"><label for=\"user_login\">Kullan\u0131c\u0131 ad\u0131 veya E-posta<\/label><input type=\"text\" size=\"20\" value=\"\" class=\"input input_fields validate[required]\" id=\"reset_user_login\" name=\"user_login\" placeholder=\"\"><\/li><input type=\"hidden\" id=\"piereg_reset_password_nonce\" name=\"piereg_reset_password_nonce\" value=\"af2b0eff77\" \/><input type=\"hidden\" name=\"_wp_http_referer\" value=\"\/en\/wp-json\/wp\/v2\/pages\/1078\" \/><input type=\"hidden\" value=\"\" name=\"redirect_to\"><input type=\"hidden\" value=\"1\" name=\"is_forgot_form\"><li class=\"fields\"><div class=\"fieldset\"><\/div><\/li><li class=\"fields\"><p class=\"submit\"><input type=\"submit\" value=\"Reset my password\" class=\"button button-primary button-large\" id=\"wp-reset-submit\" name=\"user-submit\"><\/p><\/li><input type=\"hidden\" name=\"trp-form-language\" value=\"en\"\/><\/ul>\r\n\t\t<input type=\"hidden\" name=\"reset_pass\" value=\"1\" \/>\r\n\t\t<input type=\"hidden\" name=\"user-cookie\" value=\"1\" \/>\r\n\t  <\/form>\r\n\t<\/div>\r\n\t<\/div>\r\n\t<\/div>\r\n\t<\/div>","protected":false},"excerpt":{"rendered":"","protected":false},"author":1,"featured_media":0,"parent":0,"menu_order":0,"comment_status":"closed","ping_status":"closed","template":"","meta":{"_acf_changed":false,"_joinchat":[],"footnotes":""},"class_list":["post-1078","page","type-page","status-publish","hentry"],"acf":[],"_links":{"self":[{"href":"https:\/\/voaybeat.com\/en\/wp-json\/wp\/v2\/pages\/1078","targetHints":{"allow":["GET"]}}],"collection":[{"href":"https:\/\/voaybeat.com\/en\/wp-json\/wp\/v2\/pages"}],"about":[{"href":"https:\/\/voaybeat.com\/en\/wp-json\/wp\/v2\/types\/page"}],"author":[{"embeddable":true,"href":"https:\/\/voaybeat.com\/en\/wp-json\/wp\/v2\/users\/1"}],"replies":[{"embeddable":true,"href":"https:\/\/voaybeat.com\/en\/wp-json\/wp\/v2\/comments?post=1078"}],"version-history":[{"count":1,"href":"https:\/\/voaybeat.com\/en\/wp-json\/wp\/v2\/pages\/1078\/revisions"}],"predecessor-version":[{"id":1085,"href":"https:\/\/voaybeat.com\/en\/wp-json\/wp\/v2\/pages\/1078\/revisions\/1085"}],"wp:attachment":[{"href":"https:\/\/voaybeat.com\/en\/wp-json\/wp\/v2\/media?parent=1078"}],"curies":[{"name":"wp","href":"https:\/\/api.w.org\/{rel}","templated":true}]}}